{"id":2743,"date":"2025-06-11T19:24:05","date_gmt":"2025-06-11T17:24:05","guid":{"rendered":"https:\/\/ravnoseloff.com\/?page_id=2743"},"modified":"2025-06-11T19:24:05","modified_gmt":"2025-06-11T17:24:05","slug":"dokumentarni-program","status":"publish","type":"page","link":"https:\/\/ravnoseloff.com\/en\/filmovi2025\/dokumentarni-program\/","title":{"rendered":"Dokumentarni Program"},"content":{"rendered":"<div class=\"wpb-content-wrapper\"><div class=\"vc_row wpb_row vc_row-fluid\"><div class=\"wpb_column vc_column_container vc_col-sm-12\"><div class=\"vc_column-inner\"><div class=\"wpb_wrapper\"><h2 style=\"color: #d99324;text-align: left;font-family:Abril Fatface;font-weight:400;font-style:normal\" class=\"vc_custom_heading\" >DOKUMENTARNI PROGRAM<\/h2><div class=\"vc_separator wpb_content_element vc_separator_align_center vc_sep_width_100 vc_sep_pos_align_center vc_separator_no_text\" ><span class=\"vc_sep_holder vc_sep_holder_l\"><span style=\"border-color:#d99324;\" class=\"vc_sep_line\"><\/span><\/span><span class=\"vc_sep_holder vc_sep_holder_r\"><span style=\"border-color:#d99324;\" class=\"vc_sep_line\"><\/span><\/span>\n<\/div><\/div><\/div><\/div><\/div><div data-vc-full-width=\"true\" data-vc-full-width-init=\"false\" class=\"vc_row wpb_row vc_row-fluid wpb_animate_when_almost_visible wpb_fadeIn fadeIn vc_custom_1749652160669 vc_row-o-equal-height vc_row-flex\"><div class=\"wpb_column vc_column_container vc_col-sm-6\"><div class=\"vc_column-inner\"><div class=\"wpb_wrapper\">\n\t<div  class=\"wpb_single_image wpb_content_element vc_align_right\">\n\t\t\n\t\t<figure class=\"wpb_wrapper vc_figure\">\n\t\t\t<div class=\"vc_single_image-wrapper   vc_box_border_grey\"><img fetchpriority=\"high\" decoding=\"async\" width=\"300\" height=\"430\" src=\"https:\/\/ravnoseloff.com\/wp-content\/uploads\/2025\/06\/The-Sun.poster-low.webp\" class=\"vc_single_image-img attachment-full\" alt=\"\" title=\"The Sun...poster low\" srcset=\"https:\/\/ravnoseloff.com\/wp-content\/uploads\/2025\/06\/The-Sun.poster-low.webp 300w, https:\/\/ravnoseloff.com\/wp-content\/uploads\/2025\/06\/The-Sun.poster-low-209x300.webp 209w, https:\/\/ravnoseloff.com\/wp-content\/uploads\/2025\/06\/The-Sun.poster-low-8x12.webp 8w\" sizes=\"(max-width: 300px) 100vw, 300px\" \/><\/div>\n\t\t<\/figure>\n\t<\/div>\n<\/div><\/div><\/div><div class=\"wpb_column vc_column_container vc_col-sm-6\"><div class=\"vc_column-inner\"><div class=\"wpb_wrapper\"><h4 style=\"color: #d99324;text-align: left;font-family:Abril Fatface;font-weight:400;font-style:normal\" class=\"vc_custom_heading\" >The Sun Doesn't Shine On All Sides<\/h4>\n\t<div class=\"wpb_text_column wpb_content_element\" >\n\t\t<div class=\"wpb_wrapper\">\n\t\t\t<p>27 min<\/p>\n<p class=\"translation-block\"><b>Screenplay and Director:<\/b> Gligor Kondovski<\/p>\n<p class=\"translation-block\"><b>Producer:<\/b> Dejan Milo\u0161evski<\/p>\n<p>The story of the Macedonian Elvis Presley who lives and works in Australia. Vane Crngarov comes from the village of Kukli\u0161, in the Strumica region, and currently lives and works in Australia. His life and musical journey began in his hometown of Kukli\u0161, Strumica, with his first accordion in childhood. A poor and rural life forced him to play and earn money through music. That\u2019s how he met his current wife, Elizabeth (Liz), who stayed in Australia, and with whom he has two daughters.<\/p>\n<p>His resemblance to Elvis Presley will take him to a festival in Las Vegas, USA. In Australia, he works as a bus driver, entertaining both children and adults while dressed in Elvis Presley\u2019s style. He also has a music band with which he performs in restaurants and clubs.<\/p>\n<p>Through photographs, songs, and storytelling, Vane speaks about nostalgia for his homeland, life in Australia, and the simple truth that, of course, the sun can\u2019t shine everywhere at the same time. In Australia, he has material security, but he is still a stranger, far from his native land. Hence the title \u2014 the sun can\u2019t shine everywhere at the same time. Life in Australia is stable, but home is always where we come from.<\/p>\n\n\t\t<\/div>\n\t<\/div>\n<\/div><\/div><\/div><\/div><div class=\"vc_row-full-width vc_clearfix\"><\/div><div class=\"vc_row wpb_row vc_row-fluid\"><div class=\"wpb_column vc_column_container vc_col-sm-12\"><div class=\"vc_column-inner\"><div class=\"wpb_wrapper\"><div class=\"vc_separator wpb_content_element vc_separator_align_center vc_sep_width_100 vc_sep_pos_align_center vc_separator_no_text\" ><span class=\"vc_sep_holder vc_sep_holder_l\"><span style=\"border-color:#d99324;\" class=\"vc_sep_line\"><\/span><\/span><span class=\"vc_sep_holder vc_sep_holder_r\"><span style=\"border-color:#d99324;\" class=\"vc_sep_line\"><\/span><\/span>\n<\/div><\/div><\/div><\/div><\/div><div data-vc-full-width=\"true\" data-vc-full-width-init=\"false\" class=\"vc_row wpb_row vc_row-fluid wpb_animate_when_almost_visible wpb_fadeIn fadeIn vc_custom_1749652160669 vc_row-o-equal-height vc_row-flex\"><div class=\"wpb_column vc_column_container vc_col-sm-6\"><div class=\"vc_column-inner vc_custom_1749652143498\"><div class=\"wpb_wrapper\">\n\t<div  class=\"wpb_single_image wpb_content_element vc_align_right\">\n\t\t\n\t\t<figure class=\"wpb_wrapper vc_figure\">\n\t\t\t<div class=\"vc_single_image-wrapper   vc_box_border_grey\"><img decoding=\"async\" width=\"300\" height=\"430\" data-src=\"https:\/\/ravnoseloff.com\/wp-content\/uploads\/2025\/06\/TPBYM.webp\" class=\"vc_single_image-img attachment-full lazyload\" alt=\"\" title=\"TPBYM\" data-srcset=\"https:\/\/ravnoseloff.com\/wp-content\/uploads\/2025\/06\/TPBYM.webp 300w, https:\/\/ravnoseloff.com\/wp-content\/uploads\/2025\/06\/TPBYM-209x300.webp 209w, https:\/\/ravnoseloff.com\/wp-content\/uploads\/2025\/06\/TPBYM-8x12.webp 8w\" data-sizes=\"(max-width: 300px) 100vw, 300px\" src=\"data:image\/gif;base64,R0lGODlhAQABAAAAACH5BAEKAAEALAAAAAABAAEAAAICTAEAOw==\" style=\"--smush-placeholder-width: 300px; --smush-placeholder-aspect-ratio: 300\/430;\" \/><noscript><img decoding=\"async\" width=\"300\" height=\"430\" src=\"https:\/\/ravnoseloff.com\/wp-content\/uploads\/2025\/06\/TPBYM.webp\" class=\"vc_single_image-img attachment-full\" alt=\"\" title=\"TPBYM\" srcset=\"https:\/\/ravnoseloff.com\/wp-content\/uploads\/2025\/06\/TPBYM.webp 300w, https:\/\/ravnoseloff.com\/wp-content\/uploads\/2025\/06\/TPBYM-209x300.webp 209w, https:\/\/ravnoseloff.com\/wp-content\/uploads\/2025\/06\/TPBYM-8x12.webp 8w\" sizes=\"(max-width: 300px) 100vw, 300px\" \/><\/noscript><\/div>\n\t\t<\/figure>\n\t<\/div>\n<\/div><\/div><\/div><div class=\"wpb_column vc_column_container vc_col-sm-6\"><div class=\"vc_column-inner\"><div class=\"wpb_wrapper\"><h4 style=\"color: #d99324;text-align: left;font-family:Abril Fatface;font-weight:400;font-style:normal\" class=\"vc_custom_heading\" >The People Behind Your Movies<\/h4>\n\t<div class=\"wpb_text_column wpb_content_element\" >\n\t\t<div class=\"wpb_wrapper\">\n\t\t\t<p>15 min<\/p>\n<p class=\"translation-block\"><strong>Screenplay, Director, and Producer:<\/strong> Vito Polito<\/p>\n<p>The film industry has long been the subject of sharp criticism. It\u2019s no secret that something isn\u2019t right in our profession. Unpaid overtime, exploitation, a clearly defined hierarchical system between departments, and discrimination are issues that some film workers face on a daily basis. We want to give our colleagues a voice and provide them with an opportunity to share their experiences.<\/p>\n\n\t\t<\/div>\n\t<\/div>\n<\/div><\/div><\/div><\/div><div class=\"vc_row-full-width vc_clearfix\"><\/div><div class=\"vc_row wpb_row vc_row-fluid\"><div class=\"wpb_column vc_column_container vc_col-sm-12\"><div class=\"vc_column-inner\"><div class=\"wpb_wrapper\"><div class=\"vc_separator wpb_content_element vc_separator_align_center vc_sep_width_100 vc_sep_pos_align_center vc_separator_no_text\" ><span class=\"vc_sep_holder vc_sep_holder_l\"><span style=\"border-color:#d99324;\" class=\"vc_sep_line\"><\/span><\/span><span class=\"vc_sep_holder vc_sep_holder_r\"><span style=\"border-color:#d99324;\" class=\"vc_sep_line\"><\/span><\/span>\n<\/div><\/div><\/div><\/div><\/div><div data-vc-full-width=\"true\" data-vc-full-width-init=\"false\" class=\"vc_row wpb_row vc_row-fluid wpb_animate_when_almost_visible wpb_fadeIn fadeIn vc_custom_1749652160669 vc_row-o-equal-height vc_row-flex\"><div class=\"wpb_column vc_column_container vc_col-sm-6\"><div class=\"vc_column-inner vc_custom_1749652143498\"><div class=\"wpb_wrapper\">\n\t<div  class=\"wpb_single_image wpb_content_element vc_align_right\">\n\t\t\n\t\t<figure class=\"wpb_wrapper vc_figure\">\n\t\t\t<div class=\"vc_single_image-wrapper   vc_box_border_grey\"><img decoding=\"async\" width=\"300\" height=\"430\" data-src=\"https:\/\/ravnoseloff.com\/wp-content\/uploads\/2025\/06\/\u041f\u043e\u0441\u0442\u0435\u0440_Poster__\u0421\u0427\u0410\u0421\u0422.webp\" class=\"vc_single_image-img attachment-full lazyload\" alt=\"\" title=\"\u0421\u0427\u0410\u0421\u0422\" data-srcset=\"https:\/\/ravnoseloff.com\/wp-content\/uploads\/2025\/06\/\u041f\u043e\u0441\u0442\u0435\u0440_Poster__\u0421\u0427\u0410\u0421\u0422.webp 300w, https:\/\/ravnoseloff.com\/wp-content\/uploads\/2025\/06\/\u041f\u043e\u0441\u0442\u0435\u0440_Poster__\u0421\u0427\u0410\u0421\u0422-209x300.webp 209w, https:\/\/ravnoseloff.com\/wp-content\/uploads\/2025\/06\/\u041f\u043e\u0441\u0442\u0435\u0440_Poster__\u0421\u0427\u0410\u0421\u0422-8x12.webp 8w\" data-sizes=\"(max-width: 300px) 100vw, 300px\" src=\"data:image\/gif;base64,R0lGODlhAQABAAAAACH5BAEKAAEALAAAAAABAAEAAAICTAEAOw==\" style=\"--smush-placeholder-width: 300px; --smush-placeholder-aspect-ratio: 300\/430;\" \/><noscript><img decoding=\"async\" width=\"300\" height=\"430\" src=\"https:\/\/ravnoseloff.com\/wp-content\/uploads\/2025\/06\/\u041f\u043e\u0441\u0442\u0435\u0440_Poster__\u0421\u0427\u0410\u0421\u0422.webp\" class=\"vc_single_image-img attachment-full\" alt=\"\" title=\"\u0421\u0427\u0410\u0421\u0422\" srcset=\"https:\/\/ravnoseloff.com\/wp-content\/uploads\/2025\/06\/\u041f\u043e\u0441\u0442\u0435\u0440_Poster__\u0421\u0427\u0410\u0421\u0422.webp 300w, https:\/\/ravnoseloff.com\/wp-content\/uploads\/2025\/06\/\u041f\u043e\u0441\u0442\u0435\u0440_Poster__\u0421\u0427\u0410\u0421\u0422-209x300.webp 209w, https:\/\/ravnoseloff.com\/wp-content\/uploads\/2025\/06\/\u041f\u043e\u0441\u0442\u0435\u0440_Poster__\u0421\u0427\u0410\u0421\u0422-8x12.webp 8w\" sizes=\"(max-width: 300px) 100vw, 300px\" \/><\/noscript><\/div>\n\t\t<\/figure>\n\t<\/div>\n<\/div><\/div><\/div><div class=\"wpb_column vc_column_container vc_col-sm-6\"><div class=\"vc_column-inner\"><div class=\"wpb_wrapper\"><h4 style=\"color: #d99324;text-align: left;font-family:Abril Fatface;font-weight:400;font-style:normal\" class=\"vc_custom_heading\" >Happiness<\/h4><h6 style=\"color: #d99324;text-align: left;font-family:Abril Fatface;font-weight:400;font-style:normal\" class=\"vc_custom_heading\" >\u0421\u0447\u0430\u0441\u0442<\/h6>\n\t<div class=\"wpb_text_column wpb_content_element\" >\n\t\t<div class=\"wpb_wrapper\">\n\t\t\t<p>22min<\/p>\n<p class=\"translation-block\"><strong>Director:<\/strong> Inna Kudrzatseva<\/p>\n<p>An essay about a farm run by Darija Fedotova, whose husband voluntarily enlisted on the front lines.<\/p>\n<p>An essay about the farm run by Dariya Fedotova, whose husband volunteered for the front.<\/p>\n\n\t\t<\/div>\n\t<\/div>\n<\/div><\/div><\/div><\/div><div class=\"vc_row-full-width vc_clearfix\"><\/div><div class=\"vc_row wpb_row vc_row-fluid\"><div class=\"wpb_column vc_column_container vc_col-sm-12\"><div class=\"vc_column-inner\"><div class=\"wpb_wrapper\"><div class=\"vc_separator wpb_content_element vc_separator_align_center vc_sep_width_100 vc_sep_pos_align_center vc_separator_no_text\" ><span class=\"vc_sep_holder vc_sep_holder_l\"><span style=\"border-color:#d99324;\" class=\"vc_sep_line\"><\/span><\/span><span class=\"vc_sep_holder vc_sep_holder_r\"><span style=\"border-color:#d99324;\" class=\"vc_sep_line\"><\/span><\/span>\n<\/div><\/div><\/div><\/div><\/div><div data-vc-full-width=\"true\" data-vc-full-width-init=\"false\" class=\"vc_row wpb_row vc_row-fluid wpb_animate_when_almost_visible wpb_fadeIn fadeIn vc_custom_1749652160669 vc_row-o-equal-height vc_row-flex\"><div class=\"wpb_column vc_column_container vc_col-sm-6\"><div class=\"vc_column-inner vc_custom_1749652143498\"><div class=\"wpb_wrapper\">\n\t<div  class=\"wpb_single_image wpb_content_element vc_align_right\">\n\t\t\n\t\t<figure class=\"wpb_wrapper vc_figure\">\n\t\t\t<div class=\"vc_single_image-wrapper   vc_box_border_grey\"><img loading=\"lazy\" decoding=\"async\" width=\"300\" height=\"430\" data-src=\"https:\/\/ravnoseloff.com\/wp-content\/uploads\/2025\/06\/Locandina-Nella-Valle-della-Luna.webp\" class=\"vc_single_image-img attachment-full lazyload\" alt=\"\" title=\"Locandina Nella Valle della Luna\" data-srcset=\"https:\/\/ravnoseloff.com\/wp-content\/uploads\/2025\/06\/Locandina-Nella-Valle-della-Luna.webp 300w, https:\/\/ravnoseloff.com\/wp-content\/uploads\/2025\/06\/Locandina-Nella-Valle-della-Luna-209x300.webp 209w, https:\/\/ravnoseloff.com\/wp-content\/uploads\/2025\/06\/Locandina-Nella-Valle-della-Luna-8x12.webp 8w\" data-sizes=\"(max-width: 300px) 100vw, 300px\" src=\"data:image\/gif;base64,R0lGODlhAQABAAAAACH5BAEKAAEALAAAAAABAAEAAAICTAEAOw==\" style=\"--smush-placeholder-width: 300px; --smush-placeholder-aspect-ratio: 300\/430;\" \/><noscript><img loading=\"lazy\" decoding=\"async\" width=\"300\" height=\"430\" src=\"https:\/\/ravnoseloff.com\/wp-content\/uploads\/2025\/06\/Locandina-Nella-Valle-della-Luna.webp\" class=\"vc_single_image-img attachment-full\" alt=\"\" title=\"Locandina Nella Valle della Luna\" srcset=\"https:\/\/ravnoseloff.com\/wp-content\/uploads\/2025\/06\/Locandina-Nella-Valle-della-Luna.webp 300w, https:\/\/ravnoseloff.com\/wp-content\/uploads\/2025\/06\/Locandina-Nella-Valle-della-Luna-209x300.webp 209w, https:\/\/ravnoseloff.com\/wp-content\/uploads\/2025\/06\/Locandina-Nella-Valle-della-Luna-8x12.webp 8w\" sizes=\"(max-width: 300px) 100vw, 300px\" \/><\/noscript><\/div>\n\t\t<\/figure>\n\t<\/div>\n<\/div><\/div><\/div><div class=\"wpb_column vc_column_container vc_col-sm-6\"><div class=\"vc_column-inner\"><div class=\"wpb_wrapper\"><h4 style=\"color: #d99324;text-align: left;font-family:Abril Fatface;font-weight:400;font-style:normal\" class=\"vc_custom_heading\" >In the valley of the moon<\/h4><h6 style=\"color: #d99324;text-align: left;font-family:Abril Fatface;font-weight:400;font-style:normal\" class=\"vc_custom_heading\" >Nella Valle della Luna<\/h6>\n\t<div class=\"wpb_text_column wpb_content_element\" >\n\t\t<div class=\"wpb_wrapper\">\n\t\t\t<p>22 min<\/p>\n<p class=\"translation-block\">Dr\u017eava: Italija<br>\r\nGodina: 2024<\/p>\n<p class=\"translation-block\"><strong>Director:<\/strong> Andrea Cerovac<br>\n<strong>Screenplay:<\/strong> Andrea Cerovac<br>\n<strong>Producer:<\/strong> Andrea Cerovac<\/p>\n<p class=\"translation-block\"><strong>Cast:<\/strong> Dante Cannarella, Paolo Del Core<\/p>\n<p>Deep in the Karst region above Trieste (Italy) lies a place shrouded in mystery, where nature, history, and legend intertwine. This place is the Druid\u2019s Valley, also known as the Valley of the Moon \u2014 a deep sinkhole characterized by a series of ancient stone structures, now in ruins. Over the years, these structures have sparked the collective imagination of the local people, giving rise to numerous legends about their purpose and origin. Through interviews with researcher Dante Cannarella and Karst enthusiast Paolo Del Core, the documentary explores the historical and cultural roots of this sinkhole, attempting to uncover its secrets among the surrounding rocks and vegetation. It is a journey that also seeks to reflect on the impact nature has on humans and how we constantly strive to mythologize it.<\/p>\n\n\t\t<\/div>\n\t<\/div>\n<\/div><\/div><\/div><\/div><div class=\"vc_row-full-width vc_clearfix\"><\/div>\n<\/div>","protected":false},"excerpt":{"rendered":"DOKUMENTARNI PROGRAM Ne Greje Sunce Svuda Isto 27 min Scenario i re\u017eija: Gligor Kondovski producent: Dejan Milo\u0161evski Pri\u010da o makedonskom Elvisu Prisliju koji \u017eivi i radi u Australiji. Vane Crngarov poti\u010de iz sela Kukli\u0161, u Strumi\u010dkom kraju, a trenutno \u017eivi i radi u Australiji. Njegov \u017eivot i muzi\u010dko putovanje po\u010deli su u rodnom Kukli\u0161u, Strumi\u010dko, [...]","protected":false},"author":1,"featured_media":0,"parent":2729,"menu_order":0,"comment_status":"closed","ping_status":"closed","template":"","meta":{"_acf_changed":false,"footnotes":""},"class_list":["post-2743","page","type-page","status-publish","hentry"],"acf":[],"yoast_head":"<!-- This site is optimized with the Yoast SEO plugin v23.6 - https:\/\/yoast.com\/wordpress\/plugins\/seo\/ -->\n<title>Dokumentarni Program - Ravno selo<\/title>\n<meta name=\"robots\" content=\"index, follow, max-snippet:-1, max-image-preview:large, max-video-preview:-1\" \/>\n<link rel=\"canonical\" href=\"https:\/\/ravnoseloff.com\/en\/filmovi2025\/dokumentarni-program\/\" \/>\n<meta property=\"og:locale\" content=\"en_GB\" \/>\n<meta property=\"og:type\" content=\"article\" \/>\n<meta property=\"og:title\" content=\"Dokumentarni Program - Ravno selo\" \/>\n<meta property=\"og:url\" content=\"https:\/\/ravnoseloff.com\/en\/filmovi2025\/dokumentarni-program\/\" \/>\n<meta property=\"og:site_name\" content=\"Ravno selo\" \/>\n<meta name=\"twitter:card\" content=\"summary_large_image\" \/>\n<meta name=\"twitter:label1\" content=\"Estimated reading time\" \/>\n\t<meta name=\"twitter:data1\" content=\"3 minutes\" \/>\n<script type=\"application\/ld+json\" class=\"yoast-schema-graph\">{\"@context\":\"https:\/\/schema.org\",\"@graph\":[{\"@type\":\"WebPage\",\"@id\":\"https:\/\/ravnoseloff.com\/filmovi2025\/dokumentarni-program\/\",\"url\":\"https:\/\/ravnoseloff.com\/filmovi2025\/dokumentarni-program\/\",\"name\":\"Dokumentarni Program - Ravno selo\",\"isPartOf\":{\"@id\":\"https:\/\/ravnoseloff.com\/en\/home\/#website\"},\"datePublished\":\"2025-06-11T17:24:05+00:00\",\"dateModified\":\"2025-06-11T17:24:05+00:00\",\"breadcrumb\":{\"@id\":\"https:\/\/ravnoseloff.com\/filmovi2025\/dokumentarni-program\/#breadcrumb\"},\"inLanguage\":\"en-GB\",\"potentialAction\":[{\"@type\":\"ReadAction\",\"target\":[\"https:\/\/ravnoseloff.com\/filmovi2025\/dokumentarni-program\/\"]}]},{\"@type\":\"BreadcrumbList\",\"@id\":\"https:\/\/ravnoseloff.com\/filmovi2025\/dokumentarni-program\/#breadcrumb\",\"itemListElement\":[{\"@type\":\"ListItem\",\"position\":1,\"name\":\"Po\u010detna\",\"item\":\"https:\/\/ravnoseloff.com\/\"},{\"@type\":\"ListItem\",\"position\":2,\"name\":\"Filmovi2025\",\"item\":\"https:\/\/ravnoseloff.com\/filmovi2025\/\"},{\"@type\":\"ListItem\",\"position\":3,\"name\":\"Dokumentarni Program\"}]},{\"@type\":\"WebSite\",\"@id\":\"https:\/\/ravnoseloff.com\/en\/home\/#website\",\"url\":\"https:\/\/ravnoseloff.com\/en\/home\/\",\"name\":\"Ravno selo filmski festival\",\"description\":\"Filmski festival\",\"publisher\":{\"@id\":\"https:\/\/ravnoseloff.com\/en\/home\/#organization\"},\"potentialAction\":[{\"@type\":\"SearchAction\",\"target\":{\"@type\":\"EntryPoint\",\"urlTemplate\":\"https:\/\/ravnoseloff.com\/en\/home\/?s={search_term_string}\"},\"query-input\":{\"@type\":\"PropertyValueSpecification\",\"valueRequired\":true,\"valueName\":\"search_term_string\"}}],\"inLanguage\":\"en-GB\"},{\"@type\":\"Organization\",\"@id\":\"https:\/\/ravnoseloff.com\/en\/home\/#organization\",\"name\":\"Ravno selo filmski festival\",\"url\":\"https:\/\/ravnoseloff.com\/en\/home\/\",\"logo\":{\"@type\":\"ImageObject\",\"inLanguage\":\"en-GB\",\"@id\":\"https:\/\/ravnoseloff.com\/en\/home\/#\/schema\/logo\/image\/\",\"url\":\"https:\/\/ravnoseloff.com\/wp-content\/uploads\/2019\/10\/logo_sr.png\",\"contentUrl\":\"https:\/\/ravnoseloff.com\/wp-content\/uploads\/2019\/10\/logo_sr.png\",\"width\":92,\"height\":47,\"caption\":\"Ravno selo filmski festival\"},\"image\":{\"@id\":\"https:\/\/ravnoseloff.com\/en\/home\/#\/schema\/logo\/image\/\"}}]}<\/script>\n<!-- \/ Yoast SEO plugin. -->","yoast_head_json":{"title":"Dokumentarni Program - Ravno selo","robots":{"index":"index","follow":"follow","max-snippet":"max-snippet:-1","max-image-preview":"max-image-preview:large","max-video-preview":"max-video-preview:-1"},"canonical":"https:\/\/ravnoseloff.com\/en\/filmovi2025\/dokumentarni-program\/","og_locale":"en_GB","og_type":"article","og_title":"Dokumentarni Program - Ravno selo","og_url":"https:\/\/ravnoseloff.com\/en\/filmovi2025\/dokumentarni-program\/","og_site_name":"Ravno selo","twitter_card":"summary_large_image","twitter_misc":{"Estimated reading time":"3 minutes"},"schema":{"@context":"https:\/\/schema.org","@graph":[{"@type":"WebPage","@id":"https:\/\/ravnoseloff.com\/filmovi2025\/dokumentarni-program\/","url":"https:\/\/ravnoseloff.com\/filmovi2025\/dokumentarni-program\/","name":"Dokumentarni Program - Ravno selo","isPartOf":{"@id":"https:\/\/ravnoseloff.com\/en\/home\/#website"},"datePublished":"2025-06-11T17:24:05+00:00","dateModified":"2025-06-11T17:24:05+00:00","breadcrumb":{"@id":"https:\/\/ravnoseloff.com\/filmovi2025\/dokumentarni-program\/#breadcrumb"},"inLanguage":"en-GB","potentialAction":[{"@type":"ReadAction","target":["https:\/\/ravnoseloff.com\/filmovi2025\/dokumentarni-program\/"]}]},{"@type":"BreadcrumbList","@id":"https:\/\/ravnoseloff.com\/filmovi2025\/dokumentarni-program\/#breadcrumb","itemListElement":[{"@type":"ListItem","position":1,"name":"Po\u010detna","item":"https:\/\/ravnoseloff.com\/"},{"@type":"ListItem","position":2,"name":"Filmovi2025","item":"https:\/\/ravnoseloff.com\/filmovi2025\/"},{"@type":"ListItem","position":3,"name":"Dokumentarni Program"}]},{"@type":"WebSite","@id":"https:\/\/ravnoseloff.com\/en\/home\/#website","url":"https:\/\/ravnoseloff.com\/en\/home\/","name":"Ravno selo filmski festival","description":"Filmski festival","publisher":{"@id":"https:\/\/ravnoseloff.com\/en\/home\/#organization"},"potentialAction":[{"@type":"SearchAction","target":{"@type":"EntryPoint","urlTemplate":"https:\/\/ravnoseloff.com\/en\/home\/?s={search_term_string}"},"query-input":{"@type":"PropertyValueSpecification","valueRequired":true,"valueName":"search_term_string"}}],"inLanguage":"en-GB"},{"@type":"Organization","@id":"https:\/\/ravnoseloff.com\/en\/home\/#organization","name":"Ravno selo filmski festival","url":"https:\/\/ravnoseloff.com\/en\/home\/","logo":{"@type":"ImageObject","inLanguage":"en-GB","@id":"https:\/\/ravnoseloff.com\/en\/home\/#\/schema\/logo\/image\/","url":"https:\/\/ravnoseloff.com\/wp-content\/uploads\/2019\/10\/logo_sr.png","contentUrl":"https:\/\/ravnoseloff.com\/wp-content\/uploads\/2019\/10\/logo_sr.png","width":92,"height":47,"caption":"Ravno selo filmski festival"},"image":{"@id":"https:\/\/ravnoseloff.com\/en\/home\/#\/schema\/logo\/image\/"}}]}},"_links":{"self":[{"href":"https:\/\/ravnoseloff.com\/en\/wp-json\/wp\/v2\/pages\/2743"}],"collection":[{"href":"https:\/\/ravnoseloff.com\/en\/wp-json\/wp\/v2\/pages"}],"about":[{"href":"https:\/\/ravnoseloff.com\/en\/wp-json\/wp\/v2\/types\/page"}],"author":[{"embeddable":true,"href":"https:\/\/ravnoseloff.com\/en\/wp-json\/wp\/v2\/users\/1"}],"replies":[{"embeddable":true,"href":"https:\/\/ravnoseloff.com\/en\/wp-json\/wp\/v2\/comments?post=2743"}],"version-history":[{"count":13,"href":"https:\/\/ravnoseloff.com\/en\/wp-json\/wp\/v2\/pages\/2743\/revisions"}],"predecessor-version":[{"id":2793,"href":"https:\/\/ravnoseloff.com\/en\/wp-json\/wp\/v2\/pages\/2743\/revisions\/2793"}],"up":[{"embeddable":true,"href":"https:\/\/ravnoseloff.com\/en\/wp-json\/wp\/v2\/pages\/2729"}],"wp:attachment":[{"href":"https:\/\/ravnoseloff.com\/en\/wp-json\/wp\/v2\/media?parent=2743"}],"curies":[{"name":"wp","href":"https:\/\/api.w.org\/{rel}","templated":true}]}}