{"id":590,"date":"2019-04-22T11:59:38","date_gmt":"2019-04-22T11:59:38","guid":{"rendered":"http:\/\/ravnoseloff.com\/?page_id=590"},"modified":"2025-03-07T22:34:05","modified_gmt":"2025-03-07T21:34:05","slug":"kontakt","status":"publish","type":"page","link":"https:\/\/ravnoseloff.com\/en\/kontakt\/","title":{"rendered":"Contact"},"content":{"rendered":"<div class=\"wpb-content-wrapper\"><div class=\"vc_row wpb_row vc_row-fluid vc_custom_1717145712306\"><div class=\"wpb_column vc_column_container vc_col-sm-12\"><div class=\"vc_column-inner\"><div class=\"wpb_wrapper\"><h2 style=\"text-align: left\" class=\"vc_custom_heading\" >Contact us<\/h2><\/div><\/div><\/div><\/div><div class=\"vc_row wpb_row vc_row-fluid vc_custom_1557812559137 vc_row-o-equal-height vc_row-flex\"><div class=\"wpb_column vc_column_container vc_col-sm-4\"><div class=\"vc_column-inner\"><div class=\"wpb_wrapper\">\n\t<div class=\"wpb_text_column wpb_content_element\" >\n\t\t<div class=\"wpb_wrapper\">\n\t\t\t<p style=\"text-align: center;\"><strong><span style=\"font-size: 14pt; color: #ffde00;\">Call us<\/span><\/strong><\/p>\n\n\t\t<\/div>\n\t<\/div>\n\n\t<div class=\"wpb_text_column wpb_content_element\" >\n\t\t<div class=\"wpb_wrapper\">\n\t\t\t<p style=\"text-align: center;\"><span style=\"font-size: 15pt;\"><span style=\"color: #ffde00;\">Tel: <\/span>+381 11 303 55 45<\/span><br \/>\n<span style=\"font-size: 15pt;\"><span style=\"color: #ffde00;\">Tel:<\/span> +381 11 451 79 49<\/span><br \/>\n<span style=\"font-size: 15pt;\"><span style=\"color: #ffde00;\">Fax:<\/span> +381 11 303 47 61<\/span><br \/>\n<span style=\"font-size: 15pt;\"><span style=\"color: #ffde00;\">Mob:<\/span> +381 65 6190 164<\/span><\/p>\n\n\t\t<\/div>\n\t<\/div>\n<\/div><\/div><\/div><div class=\"wpb_column vc_column_container vc_col-sm-4\"><div class=\"vc_column-inner\"><div class=\"wpb_wrapper\">\n\t<div class=\"wpb_text_column wpb_content_element\" >\n\t\t<div class=\"wpb_wrapper\">\n\t\t\t<p style=\"text-align: center;\"><strong><span style=\"font-size: 14pt; color: #ffde00;\">Write to us<\/span><\/strong><\/p>\n\n\t\t<\/div>\n\t<\/div>\n\n\t<div class=\"wpb_text_column wpb_content_element\" >\n\t\t<div class=\"wpb_wrapper\">\n\t\t\t<p style=\"text-align: center;\"><span style=\"font-size: 15pt;\">info@ravnoseloff.com<\/span><br \/>\n<span style=\"font-size: 15pt;\">press@ravnoseloff.com<\/span><br \/>\n<span style=\"font-size: 15pt;\">radionice@ravnoseloff.com<\/span><\/p>\n\n\t\t<\/div>\n\t<\/div>\n<\/div><\/div><\/div><div class=\"wpb_column vc_column_container vc_col-sm-4\"><div class=\"vc_column-inner\"><div class=\"wpb_wrapper\">\n\t<div class=\"wpb_text_column wpb_content_element\" >\n\t\t<div class=\"wpb_wrapper\">\n\t\t\t<p style=\"text-align: center;\"><strong><span style=\"font-size: 14pt; color: #ffde00;\">Follow us<\/span><\/strong><\/p>\n\n\t\t<\/div>\n\t<\/div>\n\n\t<div class=\"wpb_text_column wpb_content_element\" >\n\t\t<div class=\"wpb_wrapper\">\n\t\t\t<p style=\"text-align: center;\"><span style=\"font-size: 20px;\"><a href=\"https:\/\/www.instagram.com\/ravnoselofilmfestival\/\" target=\"_blank\" rel=\"noopener\">Instagram<\/a><br \/>\n<a href=\"https:\/\/www.facebook.com\/ravnoselofilmfestival\/?locale=sr_RS\" target=\"_blank\" rel=\"noopener\">Facebook<\/a><\/span><\/p>\n\n\t\t<\/div>\n\t<\/div>\n<\/div><\/div><\/div><\/div><div data-vc-full-width=\"true\" data-vc-full-width-init=\"false\" data-vc-stretch-content=\"true\" class=\"vc_row wpb_row vc_row-fluid vc_column-gap-35 vc_row-no-padding vc_row-o-equal-height vc_row-o-content-middle vc_row-flex\"><div class=\"wpb_column vc_column_container vc_col-sm-6\"><div class=\"vc_column-inner vc_custom_1557817889561\"><div class=\"wpb_wrapper\"><div class=\"wpb_gmaps_widget wpb_content_element\"><div class=\"wpb_wrapper\"><div class=\"wpb_map_wraper\"><iframe data-src=\"https:\/\/www.google.com\/maps\/embed?pb=!1m18!1m12!1m3!1d2799.0256896385526!2d19.61995727665795!3d45.449138434442965!2m3!1f0!2f0!3f0!3m2!1i1024!2i768!4f13.1!3m3!1m2!1s0x475b425b8378ab65%3A0xdd57f9e9785b296!2sRavno%20Selo%20Cultural%20Center!5e0!3m2!1sen!2srs!4v1686258036361!5m2!1sen!2srs\" width=\"600\" height=\"700\" style=\"border:0;\" allowfullscreen=\"\" loading=\"lazy\" referrerpolicy=\"no-referrer-when-downgrade\" src=\"data:image\/gif;base64,R0lGODlhAQABAAAAACH5BAEKAAEALAAAAAABAAEAAAICTAEAOw==\" class=\"lazyload\" data-load-mode=\"1\"><\/iframe><\/div><\/div><\/div><\/div><\/div><\/div><div class=\"wpb_column vc_column_container vc_col-sm-6 vc_col-has-fill\"><div class=\"vc_column-inner vc_custom_1738613128344\"><div class=\"wpb_wrapper\">\n\t<div class=\"wpb_text_column wpb_content_element\" >\n\t\t<div class=\"wpb_wrapper\">\n\t\t\t<p><span style=\"font-size: 18pt; color: #ffffff;\">For any additional questions, please feel free to contact us via the contact form, and we'll reply as soon as possible.<\/span><\/p>\n\n\t\t<\/div>\n\t<\/div>\n\n<div class=\"wpcf7 no-js\" id=\"wpcf7-f5-o1\" lang=\"en-US\" dir=\"ltr\">\n<div class=\"screen-reader-response\"><p role=\"status\" aria-live=\"polite\" aria-atomic=\"true\"><\/p> <ul><\/ul><\/div>\n<form action=\"\/en\/wp-json\/wp\/v2\/pages\/590#wpcf7-f5-o1\" method=\"post\" class=\"wpcf7-form init\" aria-label=\"Contact form\" novalidate=\"novalidate\" data-status=\"init\" data-trp-original-action=\"\/en\/wp-json\/wp\/v2\/pages\/590#wpcf7-f5-o1\">\n<div style=\"display: none;\">\n<input type=\"hidden\" name=\"_wpcf7\" value=\"5\" \/>\n<input type=\"hidden\" name=\"_wpcf7_version\" value=\"5.9.8\" \/>\n<input type=\"hidden\" name=\"_wpcf7_locale\" value=\"en_US\" \/>\n<input type=\"hidden\" name=\"_wpcf7_unit_tag\" value=\"wpcf7-f5-o1\" \/>\n<input type=\"hidden\" name=\"_wpcf7_container_post\" value=\"0\" \/>\n<input type=\"hidden\" name=\"_wpcf7_posted_data_hash\" value=\"\" \/>\n<input type=\"hidden\" name=\"_wpcf7_recaptcha_response\" value=\"\" \/>\n<\/div>\n<div class=\"contact-form\"><div class=\"input-row\"><label>Your name <span>*<\/span><\/label><span class=\"wpcf7-form-control-wrap\" data-name=\"f-name\"><input size=\"40\" maxlength=\"400\" class=\"wpcf7-form-control wpcf7-text style1\" aria-invalid=\"false\" value=\"\" type=\"text\" name=\"f-name\" \/><\/span><\/div><div class=\"input-row\"><label>Your E-Mail <span>*<\/span><\/label><span class=\"wpcf7-form-control-wrap\" data-name=\"f-email\"><input size=\"40\" maxlength=\"400\" class=\"wpcf7-form-control wpcf7-text style1\" aria-invalid=\"false\" value=\"\" type=\"text\" name=\"f-email\" \/><\/span><\/div><div class=\"input-row\"><label>Your message <span>*<\/span>\n\n<\/label><span class=\"wpcf7-form-control-wrap\" data-name=\"f-message\"><textarea cols=\"40\" rows=\"6\" maxlength=\"2000\" class=\"wpcf7-form-control wpcf7-textarea style1\" aria-invalid=\"false\" name=\"f-message\"><\/textarea><\/span><\/div> <span class=\"wpcf7-form-control-wrap recaptcha\" data-name=\"recaptcha\"><span data-sitekey=\"6Lda1csqAAAAAN9zF5Kwsw3OsKXNyBoRWDLAL4BU\" class=\"wpcf7-form-control wpcf7-recaptcha g-recaptcha\"><\/span>\r\n<noscript>\r\n\t<div class=\"grecaptcha-noscript\">\r\n\t\t<iframe src=\"https:\/\/www.google.com\/recaptcha\/api\/fallback?k=6Lda1csqAAAAAN9zF5Kwsw3OsKXNyBoRWDLAL4BU\" frameborder=\"0\" scrolling=\"no\" width=\"310\" height=\"430\">\r\n\t\t<\/iframe>\r\n\t\t<textarea name=\"g-recaptcha-response\" rows=\"3\" cols=\"40\" placeholder=\"reCaptcha Response Here\">\r\n\t\t<\/textarea>\r\n\t<\/div>\r\n<\/noscript>\r\n<\/span> <button class=\"button-style2\" type=\"submit\"><span>Send<\/span><\/button><\/div><div class=\"wpcf7-response-output\" aria-hidden=\"true\"><\/div>\n<input type=\"hidden\" name=\"trp-form-language\" value=\"en\"\/><\/form>\n<\/div>\n<\/div><\/div><\/div><\/div><div class=\"vc_row-full-width vc_clearfix\"><\/div>\n<\/div>","protected":false},"excerpt":{"rendered":"Kontaktirajte nas POZOVITE NAS Tel: +381 11 303 55 45 Tel: +381 11 451 79 49 Fax: +381 11 303 47 61 Mob: +381 65 6190 164 PI\u0160ITE NAM info@ravnoseloff.com press@ravnoseloff.com radionice@ravnoseloff.com PRATITE NAS Instagram Facebook Za sva dodatna pitanja mo\u017eete nam se obratiti putem kontakt forme,a mi \u0107emo vam odgovoriti u najkra\u0107em roku. Va\u0161e [...]","protected":false},"author":1,"featured_media":0,"parent":0,"menu_order":0,"comment_status":"closed","ping_status":"closed","template":"template-landing.php","meta":{"_acf_changed":false,"footnotes":""},"class_list":["post-590","page","type-page","status-publish","hentry"],"acf":[],"yoast_head":"<!-- This site is optimized with the Yoast SEO plugin v23.6 - https:\/\/yoast.com\/wordpress\/plugins\/seo\/ -->\n<title>Kontakt - Ravno selo<\/title>\n<meta name=\"robots\" content=\"index, follow, max-snippet:-1, max-image-preview:large, max-video-preview:-1\" \/>\n<link rel=\"canonical\" href=\"https:\/\/ravnoseloff.com\/en\/kontakt\/\" \/>\n<meta property=\"og:locale\" content=\"en_GB\" \/>\n<meta property=\"og:type\" content=\"article\" \/>\n<meta property=\"og:title\" content=\"Kontakt - Ravno selo\" \/>\n<meta property=\"og:url\" content=\"https:\/\/ravnoseloff.com\/en\/kontakt\/\" \/>\n<meta property=\"og:site_name\" content=\"Ravno selo\" \/>\n<meta property=\"article:modified_time\" content=\"2025-03-07T21:34:05+00:00\" \/>\n<meta name=\"twitter:card\" content=\"summary_large_image\" \/>\n<meta name=\"twitter:label1\" content=\"Estimated reading time\" \/>\n\t<meta name=\"twitter:data1\" content=\"1 minute\" \/>\n<script type=\"application\/ld+json\" class=\"yoast-schema-graph\">{\"@context\":\"https:\/\/schema.org\",\"@graph\":[{\"@type\":\"WebPage\",\"@id\":\"https:\/\/ravnoseloff.com\/kontakt\/\",\"url\":\"https:\/\/ravnoseloff.com\/kontakt\/\",\"name\":\"Kontakt - Ravno selo\",\"isPartOf\":{\"@id\":\"https:\/\/ravnoseloff.com\/en\/home\/#website\"},\"datePublished\":\"2019-04-22T11:59:38+00:00\",\"dateModified\":\"2025-03-07T21:34:05+00:00\",\"breadcrumb\":{\"@id\":\"https:\/\/ravnoseloff.com\/kontakt\/#breadcrumb\"},\"inLanguage\":\"en-GB\",\"potentialAction\":[{\"@type\":\"ReadAction\",\"target\":[\"https:\/\/ravnoseloff.com\/kontakt\/\"]}]},{\"@type\":\"BreadcrumbList\",\"@id\":\"https:\/\/ravnoseloff.com\/kontakt\/#breadcrumb\",\"itemListElement\":[{\"@type\":\"ListItem\",\"position\":1,\"name\":\"Po\u010detna\",\"item\":\"https:\/\/ravnoseloff.com\/\"},{\"@type\":\"ListItem\",\"position\":2,\"name\":\"Kontakt\"}]},{\"@type\":\"WebSite\",\"@id\":\"https:\/\/ravnoseloff.com\/en\/home\/#website\",\"url\":\"https:\/\/ravnoseloff.com\/en\/home\/\",\"name\":\"Ravno selo filmski festival\",\"description\":\"Filmski festival\",\"publisher\":{\"@id\":\"https:\/\/ravnoseloff.com\/en\/home\/#organization\"},\"potentialAction\":[{\"@type\":\"SearchAction\",\"target\":{\"@type\":\"EntryPoint\",\"urlTemplate\":\"https:\/\/ravnoseloff.com\/en\/home\/?s={search_term_string}\"},\"query-input\":{\"@type\":\"PropertyValueSpecification\",\"valueRequired\":true,\"valueName\":\"search_term_string\"}}],\"inLanguage\":\"en-GB\"},{\"@type\":\"Organization\",\"@id\":\"https:\/\/ravnoseloff.com\/en\/home\/#organization\",\"name\":\"Ravno selo filmski festival\",\"url\":\"https:\/\/ravnoseloff.com\/en\/home\/\",\"logo\":{\"@type\":\"ImageObject\",\"inLanguage\":\"en-GB\",\"@id\":\"https:\/\/ravnoseloff.com\/en\/home\/#\/schema\/logo\/image\/\",\"url\":\"https:\/\/ravnoseloff.com\/wp-content\/uploads\/2019\/10\/logo_sr.png\",\"contentUrl\":\"https:\/\/ravnoseloff.com\/wp-content\/uploads\/2019\/10\/logo_sr.png\",\"width\":92,\"height\":47,\"caption\":\"Ravno selo filmski festival\"},\"image\":{\"@id\":\"https:\/\/ravnoseloff.com\/en\/home\/#\/schema\/logo\/image\/\"}}]}<\/script>\n<!-- \/ Yoast SEO plugin. -->","yoast_head_json":{"title":"Kontakt - Ravno selo","robots":{"index":"index","follow":"follow","max-snippet":"max-snippet:-1","max-image-preview":"max-image-preview:large","max-video-preview":"max-video-preview:-1"},"canonical":"https:\/\/ravnoseloff.com\/en\/kontakt\/","og_locale":"en_GB","og_type":"article","og_title":"Kontakt - Ravno selo","og_url":"https:\/\/ravnoseloff.com\/en\/kontakt\/","og_site_name":"Ravno selo","article_modified_time":"2025-03-07T21:34:05+00:00","twitter_card":"summary_large_image","twitter_misc":{"Estimated reading time":"1 minute"},"schema":{"@context":"https:\/\/schema.org","@graph":[{"@type":"WebPage","@id":"https:\/\/ravnoseloff.com\/kontakt\/","url":"https:\/\/ravnoseloff.com\/kontakt\/","name":"Kontakt - Ravno selo","isPartOf":{"@id":"https:\/\/ravnoseloff.com\/en\/home\/#website"},"datePublished":"2019-04-22T11:59:38+00:00","dateModified":"2025-03-07T21:34:05+00:00","breadcrumb":{"@id":"https:\/\/ravnoseloff.com\/kontakt\/#breadcrumb"},"inLanguage":"en-GB","potentialAction":[{"@type":"ReadAction","target":["https:\/\/ravnoseloff.com\/kontakt\/"]}]},{"@type":"BreadcrumbList","@id":"https:\/\/ravnoseloff.com\/kontakt\/#breadcrumb","itemListElement":[{"@type":"ListItem","position":1,"name":"Po\u010detna","item":"https:\/\/ravnoseloff.com\/"},{"@type":"ListItem","position":2,"name":"Kontakt"}]},{"@type":"WebSite","@id":"https:\/\/ravnoseloff.com\/en\/home\/#website","url":"https:\/\/ravnoseloff.com\/en\/home\/","name":"Ravno selo filmski festival","description":"Filmski festival","publisher":{"@id":"https:\/\/ravnoseloff.com\/en\/home\/#organization"},"potentialAction":[{"@type":"SearchAction","target":{"@type":"EntryPoint","urlTemplate":"https:\/\/ravnoseloff.com\/en\/home\/?s={search_term_string}"},"query-input":{"@type":"PropertyValueSpecification","valueRequired":true,"valueName":"search_term_string"}}],"inLanguage":"en-GB"},{"@type":"Organization","@id":"https:\/\/ravnoseloff.com\/en\/home\/#organization","name":"Ravno selo filmski festival","url":"https:\/\/ravnoseloff.com\/en\/home\/","logo":{"@type":"ImageObject","inLanguage":"en-GB","@id":"https:\/\/ravnoseloff.com\/en\/home\/#\/schema\/logo\/image\/","url":"https:\/\/ravnoseloff.com\/wp-content\/uploads\/2019\/10\/logo_sr.png","contentUrl":"https:\/\/ravnoseloff.com\/wp-content\/uploads\/2019\/10\/logo_sr.png","width":92,"height":47,"caption":"Ravno selo filmski festival"},"image":{"@id":"https:\/\/ravnoseloff.com\/en\/home\/#\/schema\/logo\/image\/"}}]}},"_links":{"self":[{"href":"https:\/\/ravnoseloff.com\/en\/wp-json\/wp\/v2\/pages\/590"}],"collection":[{"href":"https:\/\/ravnoseloff.com\/en\/wp-json\/wp\/v2\/pages"}],"about":[{"href":"https:\/\/ravnoseloff.com\/en\/wp-json\/wp\/v2\/types\/page"}],"author":[{"embeddable":true,"href":"https:\/\/ravnoseloff.com\/en\/wp-json\/wp\/v2\/users\/1"}],"replies":[{"embeddable":true,"href":"https:\/\/ravnoseloff.com\/en\/wp-json\/wp\/v2\/comments?post=590"}],"version-history":[{"count":47,"href":"https:\/\/ravnoseloff.com\/en\/wp-json\/wp\/v2\/pages\/590\/revisions"}],"predecessor-version":[{"id":2448,"href":"https:\/\/ravnoseloff.com\/en\/wp-json\/wp\/v2\/pages\/590\/revisions\/2448"}],"wp:attachment":[{"href":"https:\/\/ravnoseloff.com\/en\/wp-json\/wp\/v2\/media?parent=590"}],"curies":[{"name":"wp","href":"https:\/\/api.w.org\/{rel}","templated":true}]}}